{"id":46,"date":"2021-06-25T17:37:05","date_gmt":"2021-06-25T15:37:05","guid":{"rendered":"https:\/\/guillemonde.family\/?page_id=46"},"modified":"2024-11-14T18:00:29","modified_gmt":"2024-11-14T17:00:29","slug":"guillemonde-family","status":"publish","type":"page","link":"https:\/\/guillemonde.family\/","title":{"rendered":"Guillemonde family !"},"content":{"rendered":"\n<div class=\"wp-block-media-text alignwide has-media-on-the-right is-stacked-on-mobile\"><div class=\"wp-block-media-text__content\">\n<h3 class=\"wp-block-heading has-text-align-left\">Jean philippe <\/h3>\n\n\n\n<p class=\"has-text-align-left\" style=\"font-size:16px\"><\/p>\n\n\n\n<p class=\"has-text-align-left\" style=\"font-size:16px\">Toujours \u00e0 la recherche de nouvelles id\u00e9es, s&rsquo;investit \u00e0 100% dans tous ses projets, c&rsquo;est le plus bricoleur de toute la famille !<\/p>\n\n\n\n<p class=\"has-text-align-left\" style=\"font-size:16px\"><\/p>\n<\/div><figure class=\"wp-block-media-text__media\"><img loading=\"lazy\" decoding=\"async\" width=\"1024\" height=\"683\" src=\"https:\/\/guillemonde.family\/wp-content\/uploads\/2021\/03\/QV1F0732_1-1024x683.jpg\" alt=\"\" class=\"wp-image-118 size-full\" srcset=\"https:\/\/guillemonde.family\/wp-content\/uploads\/2021\/03\/QV1F0732_1-1024x683.jpg 1024w, https:\/\/guillemonde.family\/wp-content\/uploads\/2021\/03\/QV1F0732_1-300x200.jpg 300w, https:\/\/guillemonde.family\/wp-content\/uploads\/2021\/03\/QV1F0732_1-768x512.jpg 768w, https:\/\/guillemonde.family\/wp-content\/uploads\/2021\/03\/QV1F0732_1-1536x1024.jpg 1536w, https:\/\/guillemonde.family\/wp-content\/uploads\/2021\/03\/QV1F0732_1-90x60.jpg 90w, https:\/\/guillemonde.family\/wp-content\/uploads\/2021\/03\/QV1F0732_1-420x280.jpg 420w, https:\/\/guillemonde.family\/wp-content\/uploads\/2021\/03\/QV1F0732_1.jpg 1728w\" sizes=\"(max-width: 1024px) 100vw, 1024px\" \/><\/figure><\/div>\n\n\n\n<div class=\"wp-block-media-text alignwide is-stacked-on-mobile\"><figure class=\"wp-block-media-text__media\"><img loading=\"lazy\" decoding=\"async\" width=\"1024\" height=\"683\" src=\"https:\/\/guillemonde.family\/wp-content\/uploads\/2021\/03\/QV1F4909-1024x683.jpg\" alt=\"\" class=\"wp-image-117 size-full\" srcset=\"https:\/\/guillemonde.family\/wp-content\/uploads\/2021\/03\/QV1F4909-1024x683.jpg 1024w, https:\/\/guillemonde.family\/wp-content\/uploads\/2021\/03\/QV1F4909-300x200.jpg 300w, https:\/\/guillemonde.family\/wp-content\/uploads\/2021\/03\/QV1F4909-768x512.jpg 768w, https:\/\/guillemonde.family\/wp-content\/uploads\/2021\/03\/QV1F4909-1536x1024.jpg 1536w, https:\/\/guillemonde.family\/wp-content\/uploads\/2021\/03\/QV1F4909-90x60.jpg 90w, https:\/\/guillemonde.family\/wp-content\/uploads\/2021\/03\/QV1F4909-420x280.jpg 420w, https:\/\/guillemonde.family\/wp-content\/uploads\/2021\/03\/QV1F4909.jpg 1728w\" sizes=\"(max-width: 1024px) 100vw, 1024px\" \/><\/figure><div class=\"wp-block-media-text__content\">\n<h3 class=\"wp-block-heading has-text-align-left\">Laure<\/h3>\n\n\n\n<p class=\"has-text-align-left\" style=\"font-size:16px\">Passionn\u00e9e de lecture. Aventuri\u00e8re, mais bon pas trop non plus ! Engag\u00e9e dans la lutte \u00e9cologique toujours a fond !<\/p>\n\n\n\n<p class=\"has-text-align-left\" style=\"font-size:16px\"><\/p>\n<\/div><\/div>\n\n\n\n<div class=\"wp-block-media-text alignwide has-media-on-the-right is-stacked-on-mobile\"><div class=\"wp-block-media-text__content\">\n<h3 class=\"wp-block-heading\">Clara <\/h3>\n\n\n\n<p><\/p>\n\n\n\n<p>Pers\u00e9v\u00e9rante, joyeuse et motiv\u00e9e ! Adore le patinage. Cr\u00e9ative, inventive,  aime toutes les formes d&rsquo;art !<\/p>\n<\/div><figure class=\"wp-block-media-text__media\"><img loading=\"lazy\" decoding=\"async\" width=\"1024\" height=\"683\" src=\"https:\/\/guillemonde.family\/wp-content\/uploads\/2021\/03\/QV1F2628-1024x683.jpg\" alt=\"\" class=\"wp-image-119 size-full\" srcset=\"https:\/\/guillemonde.family\/wp-content\/uploads\/2021\/03\/QV1F2628-1024x683.jpg 1024w, https:\/\/guillemonde.family\/wp-content\/uploads\/2021\/03\/QV1F2628-300x200.jpg 300w, https:\/\/guillemonde.family\/wp-content\/uploads\/2021\/03\/QV1F2628-768x512.jpg 768w, https:\/\/guillemonde.family\/wp-content\/uploads\/2021\/03\/QV1F2628-1536x1024.jpg 1536w, https:\/\/guillemonde.family\/wp-content\/uploads\/2021\/03\/QV1F2628-90x60.jpg 90w, https:\/\/guillemonde.family\/wp-content\/uploads\/2021\/03\/QV1F2628-420x280.jpg 420w, https:\/\/guillemonde.family\/wp-content\/uploads\/2021\/03\/QV1F2628.jpg 1728w\" sizes=\"(max-width: 1024px) 100vw, 1024px\" \/><\/figure><\/div>\n\n\n\n<div class=\"wp-block-media-text alignwide is-stacked-on-mobile\"><figure class=\"wp-block-media-text__media\"><img loading=\"lazy\" decoding=\"async\" width=\"1024\" height=\"683\" src=\"https:\/\/guillemonde.family\/wp-content\/uploads\/2021\/03\/QV1F4917-1024x683.jpg\" alt=\"\" class=\"wp-image-116 size-full\" srcset=\"https:\/\/guillemonde.family\/wp-content\/uploads\/2021\/03\/QV1F4917-1024x683.jpg 1024w, https:\/\/guillemonde.family\/wp-content\/uploads\/2021\/03\/QV1F4917-300x200.jpg 300w, https:\/\/guillemonde.family\/wp-content\/uploads\/2021\/03\/QV1F4917-768x512.jpg 768w, https:\/\/guillemonde.family\/wp-content\/uploads\/2021\/03\/QV1F4917-1536x1024.jpg 1536w, https:\/\/guillemonde.family\/wp-content\/uploads\/2021\/03\/QV1F4917-90x60.jpg 90w, https:\/\/guillemonde.family\/wp-content\/uploads\/2021\/03\/QV1F4917-420x280.jpg 420w, https:\/\/guillemonde.family\/wp-content\/uploads\/2021\/03\/QV1F4917.jpg 1728w\" sizes=\"(max-width: 1024px) 100vw, 1024px\" \/><\/figure><div class=\"wp-block-media-text__content\">\n<h3 class=\"wp-block-heading\">Lisa<\/h3>\n\n\n\n<p>Enjou\u00e9e, joyeuse, instinctive. Fonctionne beaucoup \u00e0 l\u2019instinct, adore le cheval, grande lectrice depuis toujours. Profite de la vie sous toutes ses coutures ! <\/p>\n<\/div><\/div>\n\n\n\n<div style=\"height:32px\" aria-hidden=\"true\" class=\"wp-block-spacer desktop-only\"><\/div>\n\n\n\n<div style=\"height:32px\" aria-hidden=\"true\" class=\"wp-block-spacer\"><\/div>\n","protected":false},"excerpt":{"rendered":"<p>Jean philippe Toujours \u00e0 la recherche de nouvelles id\u00e9es, s&rsquo;investit \u00e0 100% dans tous ses projets, c&rsquo;est le plus bricoleur de toute la famille ! Laure Passionn\u00e9e de lecture. Aventuri\u00e8re, mais bon pas trop non plus ! Engag\u00e9e dans la lutte \u00e9cologique toujours a fond ! Clara Pers\u00e9v\u00e9rante, joyeuse et motiv\u00e9e ! Adore le patinage. [&hellip;]<\/p>\n","protected":false},"author":3,"featured_media":0,"parent":0,"menu_order":0,"comment_status":"open","ping_status":"closed","template":"","meta":{"saved_in_kubio":true,"ngg_post_thumbnail":0,"iawp_total_views":4788,"footnotes":""},"class_list":["post-46","page","type-page","status-publish","hentry"],"kubio_ai_page_context":{"short_desc":"","purpose":"general"},"_links":{"self":[{"href":"https:\/\/guillemonde.family\/index.php\/wp-json\/wp\/v2\/pages\/46","targetHints":{"allow":["GET"]}}],"collection":[{"href":"https:\/\/guillemonde.family\/index.php\/wp-json\/wp\/v2\/pages"}],"about":[{"href":"https:\/\/guillemonde.family\/index.php\/wp-json\/wp\/v2\/types\/page"}],"author":[{"embeddable":true,"href":"https:\/\/guillemonde.family\/index.php\/wp-json\/wp\/v2\/users\/3"}],"replies":[{"embeddable":true,"href":"https:\/\/guillemonde.family\/index.php\/wp-json\/wp\/v2\/comments?post=46"}],"version-history":[{"count":13,"href":"https:\/\/guillemonde.family\/index.php\/wp-json\/wp\/v2\/pages\/46\/revisions"}],"predecessor-version":[{"id":1440,"href":"https:\/\/guillemonde.family\/index.php\/wp-json\/wp\/v2\/pages\/46\/revisions\/1440"}],"wp:attachment":[{"href":"https:\/\/guillemonde.family\/index.php\/wp-json\/wp\/v2\/media?parent=46"}],"curies":[{"name":"wp","href":"https:\/\/api.w.org\/{rel}","templated":true}]}}